{"id":20,"date":"2024-01-19T06:54:18","date_gmt":"2024-01-19T06:54:18","guid":{"rendered":"https:\/\/gestion3r.ca\/?page_id=20"},"modified":"2024-02-23T05:18:17","modified_gmt":"2024-02-23T05:18:17","slug":"contact","status":"publish","type":"page","link":"https:\/\/gestion3r.ca\/fr\/contact\/","title":{"rendered":"Contactez-nous"},"content":{"rendered":"<div data-elementor-type=\"wp-page\" data-elementor-id=\"20\" class=\"elementor elementor-20\" data-elementor-post-type=\"page\">\n\t\t\t\t\t\t<section data-dce-background-color=\"#F7FAFC\" data-dce-background-image-url=\"http:\/\/gestion3r.ca\/wp-content\/uploads\/2024\/02\/business-people-working-as-a-team-at-the-office-1-1-2.jpg\" class=\"elementor-section elementor-top-section elementor-element elementor-element-37ad590 elementor-section-height-min-height elementor-section-content-middle elementor-section-full_width elementor-section-height-default elementor-section-items-middle\" data-id=\"37ad590\" data-element_type=\"section\" data-settings=\"{&quot;background_background&quot;:&quot;classic&quot;}\">\n\t\t\t\t\t\t\t<div class=\"elementor-background-overlay\"><\/div>\n\t\t\t\t\t\t\t<div class=\"elementor-container elementor-column-gap-default\">\n\t\t\t\t\t<div class=\"elementor-column elementor-col-100 elementor-top-column elementor-element elementor-element-8135730\" data-id=\"8135730\" data-element_type=\"column\">\n\t\t\t<div class=\"elementor-widget-wrap elementor-element-populated\">\n\t\t\t\t\t\t<div class=\"elementor-element elementor-element-919bfa4 elementor-widget elementor-widget-heading\" data-id=\"919bfa4\" data-element_type=\"widget\" data-widget_type=\"heading.default\">\n\t\t\t\t<div class=\"elementor-widget-container\">\n\t\t\t\t\t<h2 class=\"elementor-heading-title elementor-size-default\">Contactez-nous\n<\/h2>\t\t\t\t<\/div>\n\t\t\t\t<\/div>\n\t\t\t\t<div class=\"elementor-element elementor-element-40ecca5 elementor-widget elementor-widget-text-editor\" data-id=\"40ecca5\" data-element_type=\"widget\" data-settings=\"{&quot;_animation&quot;:&quot;none&quot;}\" data-widget_type=\"text-editor.default\">\n\t\t\t\t<div class=\"elementor-widget-container\">\n\t\t\t\t\t\t\t\t\t<div class=\"wp-block-kadence-rowlayout alignnone\"><div id=\"kt-layout-id_d37d4c-70\" class=\"kt-row-layout-inner kt-row-has-bg kt-layout-id_d37d4c-70 has-theme-palette-8-background-color\"><div class=\"kt-row-column-wrap kt-has-1-columns kt-gutter-default kt-v-gutter-default kt-row-valign-top kt-row-layout-equal kt-tab-layout-inherit kt-m-colapse-left-to-right kt-mobile-layout-row kb-theme-content-width\"><div class=\"wp-block-kadence-column inner-column-1 kadence-column_b0906f-fa\"><div class=\"kt-inside-inner-col\"><div class=\"wp-block-kadence-rowlayout alignnone\"><div id=\"kt-layout-id_212f4f-98\" class=\"kt-row-layout-inner kt-layout-id_212f4f-98\"><div class=\"kt-row-column-wrap kt-has-1-columns kt-gutter-default kt-v-gutter-default kt-row-valign-top kt-row-layout-equal kt-tab-layout-inherit kt-m-colapse-left-to-right kt-mobile-layout-row\"><div class=\"wp-block-kadence-column inner-column-1 kadence-column_1f2c3b-77\"><div class=\"kt-inside-inner-col\"><p class=\"kt-adv-heading_392567-d4 wp-block-kadence-advancedheading has-theme-palette-3-color has-text-color\" data-kb-block=\"kb-adv-heading_392567-d4\">Questions, commentaires, pr\u00e9occupations ? Nous sommes l\u00e0 pour vous aider\u00a0!<\/p><\/div><\/div><\/div><\/div><\/div><\/div><\/div><\/div><\/div><\/div>\t\t\t\t\t\t\t\t<\/div>\n\t\t\t\t<\/div>\n\t\t\t\t\t<\/div>\n\t\t<\/div>\n\t\t\t\t\t<\/div>\n\t\t<\/section>\n\t\t\t\t<section class=\"ep-section-eql-height elementor-section elementor-top-section elementor-element elementor-element-c3146bb elementor-section-boxed elementor-section-height-default elementor-section-height-default\" bdt-height-match=\"target: .ep-section-eql-height .elementor-widget-wrap .elementor-widget &gt; .elementor-widget-container &gt; div:nth-of-type(1)\" data-dce-background-color=\"#FFFFFF\" data-id=\"c3146bb\" data-element_type=\"section\" data-settings=\"{&quot;background_background&quot;:&quot;classic&quot;}\">\n\t\t\t\t\t\t<div class=\"elementor-container elementor-column-gap-default\">\n\t\t\t\t\t<div class=\"elementor-column elementor-col-33 elementor-top-column elementor-element elementor-element-8a3067e\" data-id=\"8a3067e\" data-element_type=\"column\">\n\t\t\t<div class=\"elementor-widget-wrap elementor-element-populated\">\n\t\t\t\t\t\t<div class=\"elementor-element elementor-element-84e0d33 elementor-widget elementor-widget-ucaddon_material_footer_card\" data-id=\"84e0d33\" data-element_type=\"widget\" data-widget_type=\"ucaddon_material_footer_card.default\">\n\t\t\t\t<div class=\"elementor-widget-container\">\n\t\t\t\t\t<!-- start Icon Card -->\n\t\t<link id='font-awesome-css' href='https:\/\/gestion3r.ca\/wp-content\/plugins\/unlimited-addons\/assets_libraries\/font-awesome5\/css\/fontawesome-all.min.css' type='text\/css' rel='stylesheet' >\n\t\t<link id='font-awesome-4-shim-css' href='https:\/\/gestion3r.ca\/wp-content\/plugins\/unlimited-addons\/assets_libraries\/font-awesome5\/css\/fontawesome-v4-shims.css' type='text\/css' rel='stylesheet' >\n\n\t\t\t<style type=\"text\/css\">\/* widget: Icon Card *\/\n\n#uc_material_footer_card_elementor_84e0d33 * { \n\tbox-sizing: border-box; \n}\n#uc_material_footer_card_elementor_84e0d33 {\n\tposition:relative;\n    text-align:center;\n    overflow:hidden;\n}\n\n\t#uc_material_footer_card_elementor_84e0d33 {\n\tbox-shadow:0 15px 20px rgba(0,0,0,0.1);\n}  \n\t\n\n\n#uc_material_footer_card_elementor_84e0d33 .ue_box_button\n{\n  text-align:center;\n  text-decoration:none;\n  display:inline-block;\n}\n\n#uc_material_footer_card_elementor_84e0d33 .ue-icon\n{\n  line-height:1em;\n}\n\n#uc_material_footer_card_elementor_84e0d33 .ue-icon svg\n{\n  height:1em;\n  width:1em;\n}\n\n<\/style>\n\n\t\t\t<div class=\"uc-card-footer\" id=\"uc_material_footer_card_elementor_84e0d33\"> \n<div class=\"uc-footer-container\">        \n            <div class=\"uc-content-box\">\n            \t<div class=\"uc-icons\" style=\"background:Array;\">\n                   <div class=\"ue-icon\"><i class='fas fa-map-pin'><\/i><\/div>\t\n                   <div class=\"ue_box_title\">Adresse<\/div>\t\n                <\/div>\n                \n                <div class=\"uc-info\">\n                \t<div class=\"ue_box_text\"><p>Trois-Rivi\u00e8res, Qu\u00e9bec<\/p><\/div>                    <div><a class=\"ue_box_button\" href=\"\" >Rendez nous visite<\/a><\/div>                <\/div>\n            <\/div>\n        <\/div>\n<\/div>\n\t\t\t<!-- end Icon Card -->\t\t\t\t<\/div>\n\t\t\t\t<\/div>\n\t\t\t\t\t<\/div>\n\t\t<\/div>\n\t\t\t\t<div class=\"elementor-column elementor-col-33 elementor-top-column elementor-element elementor-element-dfc59bd\" data-id=\"dfc59bd\" data-element_type=\"column\">\n\t\t\t<div class=\"elementor-widget-wrap elementor-element-populated\">\n\t\t\t\t\t\t<div class=\"elementor-element elementor-element-6a0a5f5 elementor-widget elementor-widget-ucaddon_material_footer_card\" data-id=\"6a0a5f5\" data-element_type=\"widget\" data-widget_type=\"ucaddon_material_footer_card.default\">\n\t\t\t\t<div class=\"elementor-widget-container\">\n\t\t\t\t\t<!-- start Icon Card -->\n\n\t\t\t<style type=\"text\/css\">\/* widget: Icon Card *\/\n\n#uc_material_footer_card_elementor_6a0a5f5 * { \n\tbox-sizing: border-box; \n}\n#uc_material_footer_card_elementor_6a0a5f5 {\n\tposition:relative;\n    text-align:center;\n    overflow:hidden;\n}\n\n\t#uc_material_footer_card_elementor_6a0a5f5 {\n\tbox-shadow:0 15px 20px rgba(0,0,0,0.1);\n}  \n\t\n\n\n#uc_material_footer_card_elementor_6a0a5f5 .ue_box_button\n{\n  text-align:center;\n  text-decoration:none;\n  display:inline-block;\n}\n\n#uc_material_footer_card_elementor_6a0a5f5 .ue-icon\n{\n  line-height:1em;\n}\n\n#uc_material_footer_card_elementor_6a0a5f5 .ue-icon svg\n{\n  height:1em;\n  width:1em;\n}\n\n<\/style>\n\n\t\t\t<div class=\"uc-card-footer\" id=\"uc_material_footer_card_elementor_6a0a5f5\"> \n<div class=\"uc-footer-container\">        \n            <div class=\"uc-content-box\">\n            \t<div class=\"uc-icons\" style=\"background:Array;\">\n                   <div class=\"ue-icon\"><i class='far fa-address-book'><\/i><\/div>\t\n                   <div class=\"ue_box_title\">E-mail<\/div>\t\n                <\/div>\n                \n                <div class=\"uc-info\">\n                \t<div class=\"ue_box_text\"><p>info@gestion3r.ca<\/p><\/div>                    <div><a class=\"ue_box_button\" href=\"mailto:info@gestion3r.ca\" >Envoyez-nous un email<\/a><\/div>                <\/div>\n            <\/div>\n        <\/div>\n<\/div>\n\t\t\t<!-- end Icon Card -->\t\t\t\t<\/div>\n\t\t\t\t<\/div>\n\t\t\t\t\t<\/div>\n\t\t<\/div>\n\t\t\t\t<div class=\"elementor-column elementor-col-33 elementor-top-column elementor-element elementor-element-3942e42\" data-id=\"3942e42\" data-element_type=\"column\">\n\t\t\t<div class=\"elementor-widget-wrap elementor-element-populated\">\n\t\t\t\t\t\t<div class=\"elementor-element elementor-element-f772571 elementor-widget elementor-widget-ucaddon_material_footer_card\" data-id=\"f772571\" data-element_type=\"widget\" data-widget_type=\"ucaddon_material_footer_card.default\">\n\t\t\t\t<div class=\"elementor-widget-container\">\n\t\t\t\t\t<!-- start Icon Card -->\n\n\t\t\t<style type=\"text\/css\">\/* widget: Icon Card *\/\n\n#uc_material_footer_card_elementor_f772571 * { \n\tbox-sizing: border-box; \n}\n#uc_material_footer_card_elementor_f772571 {\n\tposition:relative;\n    text-align:center;\n    overflow:hidden;\n}\n\n\t#uc_material_footer_card_elementor_f772571 {\n\tbox-shadow:0 15px 20px rgba(0,0,0,0.1);\n}  \n\t\n\n\n#uc_material_footer_card_elementor_f772571 .ue_box_button\n{\n  text-align:center;\n  text-decoration:none;\n  display:inline-block;\n}\n\n#uc_material_footer_card_elementor_f772571 .ue-icon\n{\n  line-height:1em;\n}\n\n#uc_material_footer_card_elementor_f772571 .ue-icon svg\n{\n  height:1em;\n  width:1em;\n}\n\n<\/style>\n\n\t\t\t<div class=\"uc-card-footer\" id=\"uc_material_footer_card_elementor_f772571\"> \n<div class=\"uc-footer-container\">        \n            <div class=\"uc-content-box\">\n            \t<div class=\"uc-icons\" style=\"background:Array;\">\n                   <div class=\"ue-icon\"><i class='fas fa-phone-volume'><\/i><\/div>\t\n                   <div class=\"ue_box_title\">T\u00e9l\u00e9phone<\/div>\t\n                <\/div>\n                \n                <div class=\"uc-info\">\n                \t<div class=\"ue_box_text\"><p>(819) 489-1143<\/p><\/div>                    <div><a class=\"ue_box_button\" href=\"tel:(819) 489-1143\" >Appelez-nous<\/a><\/div>                <\/div>\n            <\/div>\n        <\/div>\n<\/div>\n\t\t\t<!-- end Icon Card -->\t\t\t\t<\/div>\n\t\t\t\t<\/div>\n\t\t\t\t\t<\/div>\n\t\t<\/div>\n\t\t\t\t\t<\/div>\n\t\t<\/section>\n\t\t\t\t<section class=\"elementor-section elementor-top-section elementor-element elementor-element-9910718 elementor-section-boxed elementor-section-height-default elementor-section-height-default\" data-id=\"9910718\" data-element_type=\"section\" data-settings=\"{&quot;background_background&quot;:&quot;classic&quot;}\">\n\t\t\t\t\t\t<div class=\"elementor-container elementor-column-gap-default\">\n\t\t\t\t\t<div data-dce-background-color=\"#FFFFFF\" class=\"elementor-column elementor-col-100 elementor-top-column elementor-element elementor-element-cc64e1f\" data-id=\"cc64e1f\" data-element_type=\"column\" data-settings=\"{&quot;background_background&quot;:&quot;classic&quot;}\">\n\t\t\t<div class=\"elementor-widget-wrap elementor-element-populated\">\n\t\t\t\t\t\t<div class=\"elementor-element elementor-element-c288372 elementor-widget elementor-widget-heading\" data-id=\"c288372\" data-element_type=\"widget\" data-widget_type=\"heading.default\">\n\t\t\t\t<div class=\"elementor-widget-container\">\n\t\t\t\t\t<h2 class=\"elementor-heading-title elementor-size-default\">\u00c9crivez-nous\n<\/h2>\t\t\t\t<\/div>\n\t\t\t\t<\/div>\n\t\t\t\t<div class=\"elementor-element elementor-element-0cf8fe7 elementor-widget elementor-widget-heading\" data-id=\"0cf8fe7\" data-element_type=\"widget\" data-settings=\"{&quot;_animation&quot;:&quot;none&quot;}\" data-widget_type=\"heading.default\">\n\t\t\t\t<div class=\"elementor-widget-container\">\n\t\t\t\t\t<h2 class=\"elementor-heading-title elementor-size-default\">Vous avez des questions\u00a0?\n<\/h2>\t\t\t\t<\/div>\n\t\t\t\t<\/div>\n\t\t\t\t<section class=\"elementor-section elementor-inner-section elementor-element elementor-element-a3b534f elementor-section-boxed elementor-section-height-default elementor-section-height-default\" data-id=\"a3b534f\" data-element_type=\"section\">\n\t\t\t\t\t\t<div class=\"elementor-container elementor-column-gap-default\">\n\t\t\t\t\t<div class=\"elementor-column elementor-col-50 elementor-inner-column elementor-element elementor-element-f1fabb3\" data-id=\"f1fabb3\" data-element_type=\"column\">\n\t\t\t<div class=\"elementor-widget-wrap elementor-element-populated\">\n\t\t\t\t\t\t<div class=\"elementor-element elementor-element-78a9d5b elementor-widget elementor-widget-text-editor\" data-id=\"78a9d5b\" data-element_type=\"widget\" data-settings=\"{&quot;_animation&quot;:&quot;none&quot;}\" data-widget_type=\"text-editor.default\">\n\t\t\t\t<div class=\"elementor-widget-container\">\n\t\t\t\t\t\t\t\t\t<div class=\"wp-block-kadence-rowlayout alignnone\"><div id=\"kt-layout-id_d37d4c-70\" class=\"kt-row-layout-inner kt-row-has-bg kt-layout-id_d37d4c-70 has-theme-palette-8-background-color\"><div class=\"kt-row-column-wrap kt-has-1-columns kt-gutter-default kt-v-gutter-default kt-row-valign-top kt-row-layout-equal kt-tab-layout-inherit kt-m-colapse-left-to-right kt-mobile-layout-row kb-theme-content-width\"><div class=\"wp-block-kadence-column inner-column-1 kadence-column_b0906f-fa\"><div class=\"kt-inside-inner-col\"><div class=\"wp-block-kadence-rowlayout alignnone\"><div id=\"kt-layout-id_212f4f-98\" class=\"kt-row-layout-inner kt-layout-id_212f4f-98\"><div class=\"kt-row-column-wrap kt-has-1-columns kt-gutter-default kt-v-gutter-default kt-row-valign-top kt-row-layout-equal kt-tab-layout-inherit kt-m-colapse-left-to-right kt-mobile-layout-row\"><div class=\"wp-block-kadence-column inner-column-1 kadence-column_1f2c3b-77\"><div class=\"kt-inside-inner-col\"><p class=\"kt-adv-heading_392567-d4 wp-block-kadence-advancedheading has-theme-palette-3-color has-text-color\" data-kb-block=\"kb-adv-heading_392567-d4\">Vous avez des questions, des commentaires ou des pr\u00e9occupations ? Pas de probl\u00e8me. Notre \u00e9quipe est disponible du lundi au vendredi de 9h00 \u00e0 17h00 pour r\u00e9pondre \u00e0 toutes les questions concernant notre.<\/p><\/div><\/div><\/div><\/div><\/div><\/div><\/div><\/div><\/div><\/div>\t\t\t\t\t\t\t\t<\/div>\n\t\t\t\t<\/div>\n\t\t\t\t<div class=\"elementor-element elementor-element-8596b2a elementor-button-align-stretch elementor-widget elementor-widget-form\" data-id=\"8596b2a\" data-element_type=\"widget\" data-settings=\"{&quot;step_next_label&quot;:&quot;Next&quot;,&quot;step_previous_label&quot;:&quot;Previous&quot;,&quot;button_width&quot;:&quot;50&quot;,&quot;button_width_tablet&quot;:&quot;40&quot;,&quot;button_width_mobile&quot;:&quot;60&quot;,&quot;dce_confirm_dialog_enabled&quot;:&quot;no&quot;,&quot;step_type&quot;:&quot;number_text&quot;,&quot;step_icon_shape&quot;:&quot;circle&quot;,&quot;label_icon_size&quot;:{&quot;unit&quot;:&quot;px&quot;,&quot;size&quot;:&quot;&quot;,&quot;sizes&quot;:[]},&quot;field_icon_size&quot;:{&quot;unit&quot;:&quot;px&quot;,&quot;size&quot;:&quot;&quot;,&quot;sizes&quot;:[]}}\" data-widget_type=\"form.default\">\n\t\t\t\t<div class=\"elementor-widget-container\">\n\t\t\t\t\t\t\t<form class=\"elementor-form\" method=\"post\" name=\"New Form\" action=\"\">\n\t\t\t<input type=\"hidden\" name=\"post_id\" value=\"20\"\/>\n\t\t\t<input type=\"hidden\" name=\"form_id\" value=\"8596b2a\"\/>\n\t\t\t<input type=\"hidden\" name=\"referer_title\" value=\"\" \/>\n\n\t\t\t\n\t\t\t<div class=\"elementor-form-fields-wrapper elementor-labels-above\">\n\t\t\t\t\t\t\t\t<div class=\"elementor-field-type-text elementor-field-group elementor-column elementor-field-group-name elementor-col-50 elementor-field-required\">\n\t\t\t\t\t\t\t\t\t\t\t\t\t<input size=\"1\" type=\"text\" name=\"form_fields[name]\" id=\"form-field-name\" class=\"elementor-field elementor-size-sm  elementor-field-textual\" placeholder=\"Pr\u00e9nom\" required=\"required\" aria-required=\"true\">\n\t\t\t\t\t\t\t\t\t\t\t<\/div>\n\t\t\t\t\t\t\t\t<div class=\"elementor-field-type-text elementor-field-group elementor-column elementor-field-group-field_0d853f6 elementor-col-50 elementor-field-required\">\n\t\t\t\t\t\t\t\t\t\t\t\t\t<input size=\"1\" type=\"text\" name=\"form_fields[field_0d853f6]\" id=\"form-field-field_0d853f6\" class=\"elementor-field elementor-size-sm  elementor-field-textual\" placeholder=\"Nom de famille\" required=\"required\" aria-required=\"true\">\n\t\t\t\t\t\t\t\t\t\t\t<\/div>\n\t\t\t\t\t\t\t\t<div class=\"elementor-field-type-email elementor-field-group elementor-column elementor-field-group-email elementor-col-50 elementor-field-required\">\n\t\t\t\t\t\t\t\t\t\t\t\t\t<input size=\"1\" type=\"email\" name=\"form_fields[email]\" id=\"form-field-email\" class=\"elementor-field elementor-size-sm  elementor-field-textual\" placeholder=\"Courriel\" required=\"required\" aria-required=\"true\">\n\t\t\t\t\t\t\t\t\t\t\t<\/div>\n\t\t\t\t\t\t\t\t<div class=\"elementor-field-type-tel elementor-field-group elementor-column elementor-field-group-a elementor-col-50 elementor-field-required\">\n\t\t\t\t\t\t\t<input size=\"1\" type=\"tel\" name=\"form_fields[a]\" id=\"form-field-a\" class=\"elementor-field elementor-size-sm  elementor-field-textual\" placeholder=\"T\u00e9l\u00e9phone\" required=\"required\" aria-required=\"true\" pattern=\"[0-9()#&amp;+*-=.]+\" title=\"Only numbers and phone characters (#, -, *, etc) are accepted.\">\n\n\t\t\t\t\t\t<\/div>\n\t\t\t\t\t\t\t\t<div class=\"elementor-field-type-text elementor-field-group elementor-column elementor-field-group-a elementor-col-100 elementor-field-required\">\n\t\t\t\t\t\t\t\t\t\t\t\t\t<input size=\"1\" type=\"text\" name=\"form_fields[a]\" id=\"form-field-a\" class=\"elementor-field elementor-size-sm  elementor-field-textual\" placeholder=\"Sujet\" required=\"required\" aria-required=\"true\">\n\t\t\t\t\t\t\t\t\t\t\t<\/div>\n\t\t\t\t\t\t\t\t<div class=\"elementor-field-type-textarea elementor-field-group elementor-column elementor-field-group-field_3dc3383 elementor-col-100 elementor-field-required\">\n\t\t\t\t\t<textarea class=\"elementor-field-textual elementor-field  elementor-size-sm\" name=\"form_fields[field_3dc3383]\" id=\"form-field-field_3dc3383\" rows=\"4\" placeholder=\"Questions ou commentaires\" required=\"required\" aria-required=\"true\"><\/textarea>\t\t\t\t<\/div>\n\t\t\t\t\t\t\t\t<div class=\"elementor-field-group elementor-column elementor-field-type-submit elementor-col-50 e-form__buttons elementor-md-40 elementor-sm-60\">\n\t\t\t\t\t<button class=\"elementor-button elementor-size-md elementor-animation-shrink\" type=\"submit\">\n\t\t\t\t\t\t<span class=\"elementor-button-content-wrapper\">\n\t\t\t\t\t\t\t\t\t\t\t\t\t\t\t\t\t\t\t\t\t\t<span class=\"elementor-button-text\">Soumettre<\/span>\n\t\t\t\t\t\t\t\t\t\t\t\t\t<\/span>\n\t\t\t\t\t<\/button>\n\t\t\t\t<\/div>\n\t\t\t<\/div>\n\t\t<input type=\"hidden\" name=\"trp-form-language\" value=\"fr\"\/><\/form>\n\t\t\t\t\t\t<\/div>\n\t\t\t\t<\/div>\n\t\t\t\t\t<\/div>\n\t\t<\/div>\n\t\t\t\t<div class=\"elementor-column elementor-col-50 elementor-inner-column elementor-element elementor-element-e62f123\" data-id=\"e62f123\" data-element_type=\"column\">\n\t\t\t<div class=\"elementor-widget-wrap elementor-element-populated\">\n\t\t\t\t\t\t<div class=\"elementor-element elementor-element-d895fb7 dce_masking-none elementor-widget elementor-widget-image\" data-id=\"d895fb7\" data-element_type=\"widget\" data-widget_type=\"image.default\">\n\t\t\t\t<div class=\"elementor-widget-container\">\n\t\t\t\t\t\t\t\t\t\t\t\t\t\t\t<img fetchpriority=\"high\" decoding=\"async\" width=\"735\" height=\"490\" src=\"https:\/\/gestion3r.ca\/wp-content\/uploads\/2024\/02\/f13d0c67eb07745d022e0a804938424a.jpg\" class=\"attachment-large size-large wp-image-1420\" alt=\"\" srcset=\"https:\/\/gestion3r.ca\/wp-content\/uploads\/2024\/02\/f13d0c67eb07745d022e0a804938424a.jpg 735w, https:\/\/gestion3r.ca\/wp-content\/uploads\/2024\/02\/f13d0c67eb07745d022e0a804938424a-300x200.jpg 300w\" sizes=\"(max-width: 735px) 100vw, 735px\" \/>\t\t\t\t\t\t\t\t\t\t\t\t\t\t\t<\/div>\n\t\t\t\t<\/div>\n\t\t\t\t\t<\/div>\n\t\t<\/div>\n\t\t\t\t\t<\/div>\n\t\t<\/section>\n\t\t\t\t\t<\/div>\n\t\t<\/div>\n\t\t\t\t\t<\/div>\n\t\t<\/section>\n\t\t\t\t<section data-dce-background-color=\"#FFFFFF\" class=\"elementor-section elementor-top-section elementor-element elementor-element-61e2438 elementor-section-full_width elementor-section-height-default elementor-section-height-default\" data-id=\"61e2438\" data-element_type=\"section\" data-settings=\"{&quot;background_background&quot;:&quot;classic&quot;}\">\n\t\t\t\t\t\t<div class=\"elementor-container elementor-column-gap-no\">\n\t\t\t\t\t<div class=\"elementor-column elementor-col-100 elementor-top-column elementor-element elementor-element-670e709\" data-id=\"670e709\" data-element_type=\"column\">\n\t\t\t<div class=\"elementor-widget-wrap elementor-element-populated\">\n\t\t\t\t\t\t<div class=\"elementor-element elementor-element-b0cbf36 elementor-widget elementor-widget-google_maps\" data-id=\"b0cbf36\" data-element_type=\"widget\" data-widget_type=\"google_maps.default\">\n\t\t\t\t<div class=\"elementor-widget-container\">\n\t\t\t\t\t\t\t<div class=\"elementor-custom-embed\">\n\t\t\t<iframe loading=\"lazy\"\n\t\t\t\t\tsrc=\"https:\/\/maps.google.com\/maps?q=Trois-Rivi%C3%A8res%2C%20Quebec&#038;t=m&#038;z=10&#038;output=embed&#038;iwloc=near\"\n\t\t\t\t\ttitle=\"Trois-Rivi\u00e8res, Qu\u00e9bec\"\n\t\t\t\t\taria-label=\"Trois-Rivi\u00e8res, Qu\u00e9bec\"\n\t\t\t><\/iframe>\n\t\t<\/div>\n\t\t\t\t\t\t<\/div>\n\t\t\t\t<\/div>\n\t\t\t\t\t<\/div>\n\t\t<\/div>\n\t\t\t\t\t<\/div>\n\t\t<\/section>\n\t\t\t\t<\/div>","protected":false},"excerpt":{"rendered":"<p>Contact Us Questions, Comments, Concerns? We\u2019re Here to Help! Adress Trois-Rivi\u00e8res, Quebec Visit us Email info@gestion3r.ca Email us Phone (819) 489-1143 Call us Write to us Have Question? Have questions, comments or concerns? Not a problem. Our team is available Mon-Fri 9:00am \u2013 5:00pm to answer any and all questions regarding our .<\/p>","protected":false},"author":1,"featured_media":0,"parent":0,"menu_order":0,"comment_status":"closed","ping_status":"closed","template":"elementor_header_footer","meta":{"footnotes":""},"class_list":["post-20","page","type-page","status-publish","hentry"],"_links":{"self":[{"href":"https:\/\/gestion3r.ca\/fr\/wp-json\/wp\/v2\/pages\/20","targetHints":{"allow":["GET"]}}],"collection":[{"href":"https:\/\/gestion3r.ca\/fr\/wp-json\/wp\/v2\/pages"}],"about":[{"href":"https:\/\/gestion3r.ca\/fr\/wp-json\/wp\/v2\/types\/page"}],"author":[{"embeddable":true,"href":"https:\/\/gestion3r.ca\/fr\/wp-json\/wp\/v2\/users\/1"}],"replies":[{"embeddable":true,"href":"https:\/\/gestion3r.ca\/fr\/wp-json\/wp\/v2\/comments?post=20"}],"version-history":[{"count":0,"href":"https:\/\/gestion3r.ca\/fr\/wp-json\/wp\/v2\/pages\/20\/revisions"}],"wp:attachment":[{"href":"https:\/\/gestion3r.ca\/fr\/wp-json\/wp\/v2\/media?parent=20"}],"curies":[{"name":"wp","href":"https:\/\/api.w.org\/{rel}","templated":true}]}}